{"id":97,"date":"2019-08-25T15:21:43","date_gmt":"2019-08-25T13:21:43","guid":{"rendered":"http:\/\/blogs2.abo.fi\/aausportsvasa\/?page_id=97"},"modified":"2025-09-24T10:11:25","modified_gmt":"2025-09-24T08:11:25","slug":"aau-sports-formaner-i-jakobstad","status":"publish","type":"page","link":"https:\/\/blogs2.abo.fi\/aausportsvasa\/aau-sports-formaner-i-jakobstad\/","title":{"rendered":"\u00c5AU Sports f\u00f6rm\u00e5ner i Jakobstad"},"content":{"rendered":"<h3><strong>Som studerande vid Novia i Jakobstad har du m\u00f6jlighet att utnyttja f\u00f6ljande f\u00f6rm\u00e5ner d\u00e5 du l\u00f6st \u00c5AU Sports medlemskap;<\/strong><\/h3>\n<p>&nbsp;<\/p>\n<ul>\n<li style=\"list-style-type: none\"><strong>F\u00f6rm\u00e5nligare pris vid<a href=\"https:\/\/jakobstad.fi\/kultur-och-fritid\/motion-och-idrott\/simhallen\"> Simhallen i Jakobstad<\/a><\/strong>\n<ul>\n<li style=\"list-style-type: none\">\n<ul>\n<li>Studerande \u00c5AU Sports medlem betalar sj\u00e4lv 2,50\u20ac\/g\u00e5ng<\/li>\n<li>Personal \u00c5AU Sports medlem betalar sj\u00e4lv 4,50\u20ac\/g\u00e5ng<\/li>\n<\/ul>\n<\/li>\n<\/ul>\n<\/li>\n<\/ul>\n<p>Du uppvisar bekr\u00e4ftelse p\u00e5 betald medlems-avgift i simhallens kassa och betalar din andel p\u00e5 plats.<\/p>\n<p>&nbsp;<\/p>\n<p><strong>F\u00f6rm\u00e5nligare pris hos<a href=\"https:\/\/www.level2.fi\/\"> Level 2<\/a><\/strong><\/p>\n<ul>\n<li style=\"list-style-type: none\">\n<ul>\n<li>Som studerande \u00c5AU Sports medlem betalar du 5\u20ac vid eng\u00e5ngsbes\u00f6k vid Level 2.<\/li>\n<\/ul>\n<\/li>\n<\/ul>\n<p>Du skall kunna uppvisa medlemskap i \u00c5AU Sports och giltigt studiekort.<\/p>\n<p>&nbsp;<\/p>\n<p>F\u00f6rhandlar \u00e4nnu med<\/p>\n<ul>\n<li>Padel Jeppis<\/li>\n<li>JKG<\/li>\n<li>Jakobstad Arbis<\/li>\n<\/ul>\n<p>\u00d6ppen f\u00f6r f\u00f6rslag<\/p>\n","protected":false},"excerpt":{"rendered":"<p>Som studerande vid Novia i Jakobstad har du m\u00f6jlighet att utnyttja f\u00f6ljande f\u00f6rm\u00e5ner d\u00e5 du l\u00f6st \u00c5AU Sports medlemskap; &nbsp; F\u00f6rm\u00e5nligare pris vid Simhallen i Jakobstad Studerande \u00c5AU Sports medlem betalar sj\u00e4lv 2,50\u20ac\/g\u00e5ng Personal \u00c5AU Sports medlem betalar sj\u00e4lv 4,50\u20ac\/g\u00e5ng Du uppvisar bekr\u00e4ftelse p\u00e5 betald medlems-avgift i simhallens kassa och betalar din andel p\u00e5 plats. &hellip; <\/p>\n<p class=\"link-more\"><a href=\"https:\/\/blogs2.abo.fi\/aausportsvasa\/aau-sports-formaner-i-jakobstad\/\" class=\"more-link\">Forts\u00e4tt l\u00e4sa<span class=\"screen-reader-text\"> \u201d\u00c5AU Sports f\u00f6rm\u00e5ner i Jakobstad\u201d<\/span><\/a><\/p>\n","protected":false},"author":423,"featured_media":0,"parent":0,"menu_order":0,"comment_status":"closed","ping_status":"closed","template":"","meta":{"footnotes":""},"class_list":["post-97","page","type-page","status-publish","hentry"],"_links":{"self":[{"href":"https:\/\/blogs2.abo.fi\/aausportsvasa\/wp-json\/wp\/v2\/pages\/97","targetHints":{"allow":["GET"]}}],"collection":[{"href":"https:\/\/blogs2.abo.fi\/aausportsvasa\/wp-json\/wp\/v2\/pages"}],"about":[{"href":"https:\/\/blogs2.abo.fi\/aausportsvasa\/wp-json\/wp\/v2\/types\/page"}],"author":[{"embeddable":true,"href":"https:\/\/blogs2.abo.fi\/aausportsvasa\/wp-json\/wp\/v2\/users\/423"}],"replies":[{"embeddable":true,"href":"https:\/\/blogs2.abo.fi\/aausportsvasa\/wp-json\/wp\/v2\/comments?post=97"}],"version-history":[{"count":18,"href":"https:\/\/blogs2.abo.fi\/aausportsvasa\/wp-json\/wp\/v2\/pages\/97\/revisions"}],"predecessor-version":[{"id":1384,"href":"https:\/\/blogs2.abo.fi\/aausportsvasa\/wp-json\/wp\/v2\/pages\/97\/revisions\/1384"}],"wp:attachment":[{"href":"https:\/\/blogs2.abo.fi\/aausportsvasa\/wp-json\/wp\/v2\/media?parent=97"}],"curies":[{"name":"wp","href":"https:\/\/api.w.org\/{rel}","templated":true}]}}