{"id":67,"date":"2019-05-31T13:39:44","date_gmt":"2019-05-31T11:39:44","guid":{"rendered":"http:\/\/blogs2.abo.fi\/aausportsvasa\/?page_id=67"},"modified":"2020-03-10T13:52:13","modified_gmt":"2020-03-10T11:52:13","slug":"studerande-fm","status":"publish","type":"page","link":"https:\/\/blogs2.abo.fi\/aausportsvasa\/studerande-fm\/","title":{"rendered":"Studerandes FM"},"content":{"rendered":"<p>Ifall du \u00f6nskars delta i Studerande FM s\u00e5 betalar \u00c5AU Sports din deltagar-avgift d\u00e5 du betalt ditt \u00c5AU Sports medlemskap. Resa och logi st\u00e5r du f\u00f6r sj\u00e4lv eller s\u00f6ker ers\u00e4ttning f\u00f6r p\u00e5 annat h\u00e5ll.<\/p>\n<p>&nbsp;<\/p>\n<p>Studerandes FM (SFM) \u00e4r nationella m\u00e4sterskapst\u00e4vlingar f\u00f6r finska h\u00f6gskolestuderande. T\u00e4vlingarna samlar \u00e5rligen ihop flera tusentals studerande fr\u00e5n yrkesh\u00f6gskolor och universitet runt Finland. Syftet bakom SFM \u00e4r att erbjuda ett underh\u00e5llande och trevligt t\u00e4vlingsformat f\u00f6r studerande oavsett prestationsniv\u00e5. Allt g\u00e5r ut p\u00e5 att njuta av idrotten och de gemensamma sysslorna!<\/p>\n<p>SFM erbjuder b\u00e5de t\u00e4vlingsserier och avslappnade serier f\u00f6r nyb\u00f6rjare och mindre erfarna idrottare.<\/p>\n<p>Ta det f\u00f6r dig att fr\u00e5ga din h\u00f6gskola eller h\u00f6gskolans idrottsv\u00e4sen eller din studerande-\/studentk\u00e5r om de vill erbjuda dig finansiellt st\u00f6d f\u00f6r att delta i studerandes FM!<\/p>\n<p>Under v\u00e5ren 2019 deltog b\u00e5de ett dam- och ett herrlag fr\u00e5n h\u00f6gskolorna i Vasa. Dam-laget tog hem ett silver och herrarnas insatser r\u00e4ckte till ett brons. Bra jobbat &#8211; Pampas Hurrikaner!<\/p>\n<p><a href=\"http:\/\/blogs2.abo.fi\/aausportsvasa\/wp-content\/uploads\/sites\/103\/2019\/10\/Studerande-FMvt19.jpg\"><img loading=\"lazy\" decoding=\"async\" class=\"wp-image-284 aligncenter\" src=\"http:\/\/blogs2.abo.fi\/aausportsvasa\/wp-content\/uploads\/sites\/103\/2019\/10\/Studerande-FMvt19.jpg\" alt=\"\" width=\"597\" height=\"397\" srcset=\"https:\/\/blogs2.abo.fi\/aausportsvasa\/wp-content\/uploads\/sites\/103\/2019\/10\/Studerande-FMvt19.jpg 2048w, https:\/\/blogs2.abo.fi\/aausportsvasa\/wp-content\/uploads\/sites\/103\/2019\/10\/Studerande-FMvt19-300x200.jpg 300w, https:\/\/blogs2.abo.fi\/aausportsvasa\/wp-content\/uploads\/sites\/103\/2019\/10\/Studerande-FMvt19-768x512.jpg 768w, https:\/\/blogs2.abo.fi\/aausportsvasa\/wp-content\/uploads\/sites\/103\/2019\/10\/Studerande-FMvt19-1024x683.jpg 1024w\" sizes=\"auto, (max-width: 597px) 100vw, 597px\" \/><\/a><\/p>\n<p>&nbsp;<\/p>\n<p>F\u00f6lj med <a href=\"https:\/\/osmkisat.fi\/calendar\">h\u00e4r<\/a> n\u00e4r det \u00e4r dags f\u00f6r din gren!<\/p>\n<p>&nbsp;<\/p>\n<h1><span style=\"color: #000080\"><strong>2020<\/strong><\/span><\/h1>\n<h3><span style=\"color: #ff6600\"><strong>Mars<\/strong><\/span><\/h3>\n<p><a href=\"https:\/\/osmkisat.fi\/events\/id\/5e5622e5b0745b41cff428e1\">27-28.3 Curling, Turku Curling Arena<\/a><\/p>\n<h3><span style=\"color: #ff6600\"><strong>April<\/strong><\/span><\/h3>\n<p><a href=\"https:\/\/osmkisat.fi\/events\/id\/5e2ad7b9b0745b41cff427ad\">4-5-.4 Tyngdlyftning och styrkelyft, Tamppi Areena &#8211; Hervanta, Tammerfors<\/a><\/p>\n<h3><span style=\"color: #ff6600\"><strong>Maj<\/strong><\/span><\/h3>\n<p>9-10.5<\/p>\n<p><a href=\"https:\/\/osmkisat.fi\/events\/id\/59db37eb01675313b0df39ee?lang=se\">Halvmaraton 16.5.2020 i Helsingfors<\/a><\/p>\n<p>&nbsp;<\/p>\n<p>&nbsp;<\/p>\n<p>&nbsp;<\/p>\n","protected":false},"excerpt":{"rendered":"<p>Ifall du \u00f6nskars delta i Studerande FM s\u00e5 betalar \u00c5AU Sports din deltagar-avgift d\u00e5 du betalt ditt \u00c5AU Sports medlemskap. Resa och logi st\u00e5r du f\u00f6r sj\u00e4lv eller s\u00f6ker ers\u00e4ttning f\u00f6r p\u00e5 annat h\u00e5ll. &nbsp; Studerandes FM (SFM) \u00e4r nationella m\u00e4sterskapst\u00e4vlingar f\u00f6r finska h\u00f6gskolestuderande. T\u00e4vlingarna samlar \u00e5rligen ihop flera tusentals studerande fr\u00e5n yrkesh\u00f6gskolor och universitet &hellip; <\/p>\n<p class=\"link-more\"><a href=\"https:\/\/blogs2.abo.fi\/aausportsvasa\/studerande-fm\/\" class=\"more-link\">Forts\u00e4tt l\u00e4sa<span class=\"screen-reader-text\"> \u201dStuderandes FM\u201d<\/span><\/a><\/p>\n","protected":false},"author":423,"featured_media":0,"parent":0,"menu_order":0,"comment_status":"closed","ping_status":"closed","template":"","meta":{"footnotes":""},"class_list":["post-67","page","type-page","status-publish","hentry"],"_links":{"self":[{"href":"https:\/\/blogs2.abo.fi\/aausportsvasa\/wp-json\/wp\/v2\/pages\/67","targetHints":{"allow":["GET"]}}],"collection":[{"href":"https:\/\/blogs2.abo.fi\/aausportsvasa\/wp-json\/wp\/v2\/pages"}],"about":[{"href":"https:\/\/blogs2.abo.fi\/aausportsvasa\/wp-json\/wp\/v2\/types\/page"}],"author":[{"embeddable":true,"href":"https:\/\/blogs2.abo.fi\/aausportsvasa\/wp-json\/wp\/v2\/users\/423"}],"replies":[{"embeddable":true,"href":"https:\/\/blogs2.abo.fi\/aausportsvasa\/wp-json\/wp\/v2\/comments?post=67"}],"version-history":[{"count":14,"href":"https:\/\/blogs2.abo.fi\/aausportsvasa\/wp-json\/wp\/v2\/pages\/67\/revisions"}],"predecessor-version":[{"id":403,"href":"https:\/\/blogs2.abo.fi\/aausportsvasa\/wp-json\/wp\/v2\/pages\/67\/revisions\/403"}],"wp:attachment":[{"href":"https:\/\/blogs2.abo.fi\/aausportsvasa\/wp-json\/wp\/v2\/media?parent=67"}],"curies":[{"name":"wp","href":"https:\/\/api.w.org\/{rel}","templated":true}]}}