{"id":56,"date":"2019-05-31T13:37:23","date_gmt":"2019-05-31T11:37:23","guid":{"rendered":"http:\/\/blogs2.abo.fi\/aausportsvasa\/?page_id=56"},"modified":"2025-08-27T13:02:22","modified_gmt":"2025-08-27T11:02:22","slug":"schema-kalender","status":"publish","type":"page","link":"https:\/\/blogs2.abo.fi\/aausportsvasa\/schema-kalender\/","title":{"rendered":"Schema &#8211; Schedule \u00c5AU Sports"},"content":{"rendered":"<h1><strong><a href=\"https:\/\/www.hmlsolutions.com\/abo_sports\/index.php\">\u00c5rets schema 2025-2026<\/a><\/strong><\/h1>\n<h3><img loading=\"lazy\" decoding=\"async\" class=\"alignnone wp-image-1233\" src=\"http:\/\/blogs2.abo.fi\/aausportsvasa\/wp-content\/uploads\/sites\/103\/2024\/08\/solrosor-300x200.jpg\" alt=\"\" width=\"345\" height=\"230\" srcset=\"https:\/\/blogs2.abo.fi\/aausportsvasa\/wp-content\/uploads\/sites\/103\/2024\/08\/solrosor-300x200.jpg 300w, https:\/\/blogs2.abo.fi\/aausportsvasa\/wp-content\/uploads\/sites\/103\/2024\/08\/solrosor-1024x683.jpg 1024w, https:\/\/blogs2.abo.fi\/aausportsvasa\/wp-content\/uploads\/sites\/103\/2024\/08\/solrosor-768x512.jpg 768w, https:\/\/blogs2.abo.fi\/aausportsvasa\/wp-content\/uploads\/sites\/103\/2024\/08\/solrosor-1536x1024.jpg 1536w, https:\/\/blogs2.abo.fi\/aausportsvasa\/wp-content\/uploads\/sites\/103\/2024\/08\/solrosor.jpg 1920w\" sizes=\"auto, (max-width: 345px) 100vw, 345px\" \/><\/h3>\n<h3><strong>Verksamhets\u00e5ret startar 1.9.2025\u00a0<\/strong><\/h3>\n<p>De tv\u00e5 f\u00f6rsta veckorna \u00e4r ni varmt v\u00e4lkomna att prova p\u00e5 vid Wasa Sports Club, innan ni k\u00f6per medlemskap i \u00c5AU Sports. Tisdagar och Fredagar kl. 10-20 samt s\u00f6ndagar kl. 16-20 under vecka 36 och 37.<\/p>\n<p><img loading=\"lazy\" decoding=\"async\" class=\"alignnone wp-image-1353\" src=\"http:\/\/blogs2.abo.fi\/aausportsvasa\/wp-content\/uploads\/sites\/103\/2025\/08\/Kuntosali-WSC-240x300.jpeg\" alt=\"\" width=\"327\" height=\"409\" srcset=\"https:\/\/blogs2.abo.fi\/aausportsvasa\/wp-content\/uploads\/sites\/103\/2025\/08\/Kuntosali-WSC-240x300.jpeg 240w, https:\/\/blogs2.abo.fi\/aausportsvasa\/wp-content\/uploads\/sites\/103\/2025\/08\/Kuntosali-WSC-819x1024.jpeg 819w, https:\/\/blogs2.abo.fi\/aausportsvasa\/wp-content\/uploads\/sites\/103\/2025\/08\/Kuntosali-WSC-768x960.jpeg 768w, https:\/\/blogs2.abo.fi\/aausportsvasa\/wp-content\/uploads\/sites\/103\/2025\/08\/Kuntosali-WSC-1229x1536.jpeg 1229w, https:\/\/blogs2.abo.fi\/aausportsvasa\/wp-content\/uploads\/sites\/103\/2025\/08\/Kuntosali-WSC.jpeg 1440w\" sizes=\"auto, (max-width: 327px) 100vw, 327px\" \/><\/p>\n<p>&nbsp;<\/p>\n<p>&nbsp;<\/p>\n","protected":false},"excerpt":{"rendered":"<p>\u00c5rets schema 2025-2026 Verksamhets\u00e5ret startar 1.9.2025\u00a0 De tv\u00e5 f\u00f6rsta veckorna \u00e4r ni varmt v\u00e4lkomna att prova p\u00e5 vid Wasa Sports Club, innan ni k\u00f6per medlemskap i \u00c5AU Sports. Tisdagar och Fredagar kl. 10-20 samt s\u00f6ndagar kl. 16-20 under vecka 36 och 37. &nbsp; &nbsp;<\/p>\n","protected":false},"author":423,"featured_media":0,"parent":0,"menu_order":0,"comment_status":"closed","ping_status":"closed","template":"","meta":{"footnotes":""},"class_list":["post-56","page","type-page","status-publish","hentry"],"_links":{"self":[{"href":"https:\/\/blogs2.abo.fi\/aausportsvasa\/wp-json\/wp\/v2\/pages\/56","targetHints":{"allow":["GET"]}}],"collection":[{"href":"https:\/\/blogs2.abo.fi\/aausportsvasa\/wp-json\/wp\/v2\/pages"}],"about":[{"href":"https:\/\/blogs2.abo.fi\/aausportsvasa\/wp-json\/wp\/v2\/types\/page"}],"author":[{"embeddable":true,"href":"https:\/\/blogs2.abo.fi\/aausportsvasa\/wp-json\/wp\/v2\/users\/423"}],"replies":[{"embeddable":true,"href":"https:\/\/blogs2.abo.fi\/aausportsvasa\/wp-json\/wp\/v2\/comments?post=56"}],"version-history":[{"count":20,"href":"https:\/\/blogs2.abo.fi\/aausportsvasa\/wp-json\/wp\/v2\/pages\/56\/revisions"}],"predecessor-version":[{"id":1354,"href":"https:\/\/blogs2.abo.fi\/aausportsvasa\/wp-json\/wp\/v2\/pages\/56\/revisions\/1354"}],"wp:attachment":[{"href":"https:\/\/blogs2.abo.fi\/aausportsvasa\/wp-json\/wp\/v2\/media?parent=56"}],"curies":[{"name":"wp","href":"https:\/\/api.w.org\/{rel}","templated":true}]}}