{"id":29,"date":"2019-05-31T13:33:21","date_gmt":"2019-05-31T11:33:21","guid":{"rendered":"http:\/\/blogs2.abo.fi\/aausportsvasa\/?page_id=29"},"modified":"2025-09-24T10:15:08","modified_gmt":"2025-09-24T08:15:08","slug":"hur-blir-jag-medlem","status":"publish","type":"page","link":"https:\/\/blogs2.abo.fi\/aausportsvasa\/hur-blir-jag-medlem\/","title":{"rendered":"Hur blir jag medlem?"},"content":{"rendered":"<p><strong>Medlemskap i \u00c5AU Sports 2025-2026<\/strong><\/p>\n<p>OM du \u00e4r grundexamens- eller magisterstuderande p\u00e5 h\u00f6gskola eller universitet, forskare eller anst\u00e4lld vid \u00c5A, Novia eller Hanken i Vasa har du m\u00f6jlighet att bli medlem i \u00c5AU Sports.<\/p>\n<p>Du blir medlem genom att betala medlemsavgiften via <a href=\"https:\/\/crm.abo.fi\/Events\/4809\/Apply\">anm\u00e4lningsblanketten<\/a> <a href=\"https:\/\/crm.abo.fi\/Events\/3784\/Apply\" target=\"_blank\" rel=\"noopener\">i <\/a>CRM.\u00a0 Anm\u00e4lan \u00e4r nu \u00f6ppen!<\/p>\n<p>Vi har varit tvungna att h\u00f6ja medlemsavgiften p\u00e5 grund av att priserna stigit hos v\u00e5ra samarbetspartners.<\/p>\n<p>Observera att st\u00f6rsta delen av de subventionerade f\u00f6rm\u00e5nerna endast g\u00e4ller betalande studerande-medlemmar. Allt i schemat ing\u00e5r (f\u00f6rutom 3 pass som \u00e4r riktade antingen enbart till personal eller enbart till studerande)<\/p>\n<h3><strong>Medlemsavgiften som g\u00e4ller 25-26<\/strong><\/h3>\n<p><strong>Studerande vid \u00c5A, Novia, Hanken i Vasa<\/strong><\/p>\n<p>Hel\u00e5r\u00a0 70\u20ac, H\u00f6sten 45\u20ac, V\u00e5ren 50\u20ac och Sommaren (1.5-31.8) 40\u20ac<\/p>\n<p><strong>Studerande vid Novia i Jakobstad<\/strong><\/p>\n<p>Hel\u00e5r 40\u20ac, H\u00f6sten 30\u20ac, V\u00e5ren 30\u20ac<\/p>\n<p><strong>Personal vid \u00c5A, Novia, Hanken i Vasa<\/strong><\/p>\n<p>Hel\u00e5r 85\u20ac, H\u00f6sten 55\u20ac, V\u00e5ren 65\u20ac och Sommaren (1.5-31.8) 45\u20ac<\/p>\n<p><strong>\u00d6vriga h\u00f6gskolestuderande\u00a0<\/strong><\/p>\n<p>Hel\u00e5r 105\u20ac, H\u00f6sten 67\u20ac, V\u00e5ren 75\u20ac och Sommaren 60\u20ac<\/p>\n<p><img loading=\"lazy\" decoding=\"async\" class=\"alignnone wp-image-1237\" src=\"http:\/\/blogs2.abo.fi\/aausportsvasa\/wp-content\/uploads\/sites\/103\/2024\/08\/Halarmarken-AAU-Sports-300x205.jpg\" alt=\"\" width=\"353\" height=\"241\" srcset=\"https:\/\/blogs2.abo.fi\/aausportsvasa\/wp-content\/uploads\/sites\/103\/2024\/08\/Halarmarken-AAU-Sports-300x205.jpg 300w, https:\/\/blogs2.abo.fi\/aausportsvasa\/wp-content\/uploads\/sites\/103\/2024\/08\/Halarmarken-AAU-Sports-768x526.jpg 768w, https:\/\/blogs2.abo.fi\/aausportsvasa\/wp-content\/uploads\/sites\/103\/2024\/08\/Halarmarken-AAU-Sports.jpg 834w\" sizes=\"auto, (max-width: 353px) 100vw, 353px\" \/><\/p>\n<p>&nbsp;<\/p>\n<p>&nbsp;<\/p>\n<p>&nbsp;<\/p>\n<p>&nbsp;<\/p>\n","protected":false},"excerpt":{"rendered":"<p>Medlemskap i \u00c5AU Sports 2025-2026 OM du \u00e4r grundexamens- eller magisterstuderande p\u00e5 h\u00f6gskola eller universitet, forskare eller anst\u00e4lld vid \u00c5A, Novia eller Hanken i Vasa har du m\u00f6jlighet att bli medlem i \u00c5AU Sports. Du blir medlem genom att betala medlemsavgiften via anm\u00e4lningsblanketten i CRM.\u00a0 Anm\u00e4lan \u00e4r nu \u00f6ppen! Vi har varit tvungna att h\u00f6ja &hellip; <\/p>\n<p class=\"link-more\"><a href=\"https:\/\/blogs2.abo.fi\/aausportsvasa\/hur-blir-jag-medlem\/\" class=\"more-link\">Forts\u00e4tt l\u00e4sa<span class=\"screen-reader-text\"> \u201dHur blir jag medlem?\u201d<\/span><\/a><\/p>\n","protected":false},"author":423,"featured_media":0,"parent":0,"menu_order":0,"comment_status":"closed","ping_status":"closed","template":"","meta":{"footnotes":""},"class_list":["post-29","page","type-page","status-publish","hentry"],"_links":{"self":[{"href":"https:\/\/blogs2.abo.fi\/aausportsvasa\/wp-json\/wp\/v2\/pages\/29","targetHints":{"allow":["GET"]}}],"collection":[{"href":"https:\/\/blogs2.abo.fi\/aausportsvasa\/wp-json\/wp\/v2\/pages"}],"about":[{"href":"https:\/\/blogs2.abo.fi\/aausportsvasa\/wp-json\/wp\/v2\/types\/page"}],"author":[{"embeddable":true,"href":"https:\/\/blogs2.abo.fi\/aausportsvasa\/wp-json\/wp\/v2\/users\/423"}],"replies":[{"embeddable":true,"href":"https:\/\/blogs2.abo.fi\/aausportsvasa\/wp-json\/wp\/v2\/comments?post=29"}],"version-history":[{"count":26,"href":"https:\/\/blogs2.abo.fi\/aausportsvasa\/wp-json\/wp\/v2\/pages\/29\/revisions"}],"predecessor-version":[{"id":1385,"href":"https:\/\/blogs2.abo.fi\/aausportsvasa\/wp-json\/wp\/v2\/pages\/29\/revisions\/1385"}],"wp:attachment":[{"href":"https:\/\/blogs2.abo.fi\/aausportsvasa\/wp-json\/wp\/v2\/media?parent=29"}],"curies":[{"name":"wp","href":"https:\/\/api.w.org\/{rel}","templated":true}]}}