{"id":25,"date":"2019-05-31T13:35:14","date_gmt":"2019-05-31T11:35:14","guid":{"rendered":"http:\/\/blogs2.abo.fi\/aausportsvasa\/?page_id=25"},"modified":"2025-08-21T13:12:58","modified_gmt":"2025-08-21T11:12:58","slug":"kontakta-aau-sports","status":"publish","type":"page","link":"https:\/\/blogs2.abo.fi\/aausportsvasa\/kontakta-aau-sports\/","title":{"rendered":"Kontakta \u00c5AU Sports"},"content":{"rendered":"<p><img loading=\"lazy\" decoding=\"async\" class=\"alignnone size-medium wp-image-1235\" src=\"http:\/\/blogs2.abo.fi\/aausportsvasa\/wp-content\/uploads\/sites\/103\/2024\/08\/Jag-pa-vandring-300x292.jpg\" alt=\"\" width=\"300\" height=\"292\" srcset=\"https:\/\/blogs2.abo.fi\/aausportsvasa\/wp-content\/uploads\/sites\/103\/2024\/08\/Jag-pa-vandring-300x292.jpg 300w, https:\/\/blogs2.abo.fi\/aausportsvasa\/wp-content\/uploads\/sites\/103\/2024\/08\/Jag-pa-vandring.jpg 501w\" sizes=\"auto, (max-width: 300px) 100vw, 300px\" \/><\/p>\n<p>\u00c5bo Akademi, Academill<br \/>\nStrandgatan 2, 65100 Vasa, rum\/room F426<br \/>\n06-324 71 61 \/ 050-36 77 914<br \/>\n<a href=\"mailto:aausports@abo.fi\" target=\"_blank\" rel=\"noopener\">aausports@abo.fi<\/a><\/p>\n<p><strong>P\u00e5 plats i Academill\/ At the office in Academill<\/strong>:<br \/>\nTisdagar, onsdagar och torsdagar kl. 9.00-14:30<\/p>\n<p>Ta g\u00e4rna kontakt innan ifall du vill bes\u00f6ka mig personligen s\u00e5 jag s\u00e4kert \u00e4r p\u00e5 plats.<\/p>\n","protected":false},"excerpt":{"rendered":"<p>\u00c5bo Akademi, Academill Strandgatan 2, 65100 Vasa, rum\/room F426 06-324 71 61 \/ 050-36 77 914 aausports@abo.fi P\u00e5 plats i Academill\/ At the office in Academill: Tisdagar, onsdagar och torsdagar kl. 9.00-14:30 Ta g\u00e4rna kontakt innan ifall du vill bes\u00f6ka mig personligen s\u00e5 jag s\u00e4kert \u00e4r p\u00e5 plats.<\/p>\n","protected":false},"author":423,"featured_media":0,"parent":0,"menu_order":0,"comment_status":"closed","ping_status":"closed","template":"","meta":{"footnotes":""},"class_list":["post-25","page","type-page","status-publish","hentry"],"_links":{"self":[{"href":"https:\/\/blogs2.abo.fi\/aausportsvasa\/wp-json\/wp\/v2\/pages\/25","targetHints":{"allow":["GET"]}}],"collection":[{"href":"https:\/\/blogs2.abo.fi\/aausportsvasa\/wp-json\/wp\/v2\/pages"}],"about":[{"href":"https:\/\/blogs2.abo.fi\/aausportsvasa\/wp-json\/wp\/v2\/types\/page"}],"author":[{"embeddable":true,"href":"https:\/\/blogs2.abo.fi\/aausportsvasa\/wp-json\/wp\/v2\/users\/423"}],"replies":[{"embeddable":true,"href":"https:\/\/blogs2.abo.fi\/aausportsvasa\/wp-json\/wp\/v2\/comments?post=25"}],"version-history":[{"count":17,"href":"https:\/\/blogs2.abo.fi\/aausportsvasa\/wp-json\/wp\/v2\/pages\/25\/revisions"}],"predecessor-version":[{"id":90,"href":"https:\/\/blogs2.abo.fi\/aausportsvasa\/wp-json\/wp\/v2\/pages\/25\/revisions\/90"}],"wp:attachment":[{"href":"https:\/\/blogs2.abo.fi\/aausportsvasa\/wp-json\/wp\/v2\/media?parent=25"}],"curies":[{"name":"wp","href":"https:\/\/api.w.org\/{rel}","templated":true}]}}