{"id":217,"date":"2019-09-12T12:34:27","date_gmt":"2019-09-12T10:34:27","guid":{"rendered":"http:\/\/blogs2.abo.fi\/aausportsvasa\/?page_id=217"},"modified":"2025-09-30T07:58:17","modified_gmt":"2025-09-30T05:58:17","slug":"motionstutor","status":"publish","type":"page","link":"https:\/\/blogs2.abo.fi\/aausportsvasa\/motionstutor\/","title":{"rendered":"Motionstutor"},"content":{"rendered":"<p>Ifall du k\u00e4nner att du g\u00e4rna skulle komma med i \u00c5AU Sports men k\u00e4nner dig os\u00e4ker p\u00e5 var de olika platserna finns eller om du inte har n\u00e5gon du k\u00e4nner som vill h\u00e4nga med p\u00e5 just den aktiviteten du skulle vilja prova p\u00e5 &#8211; d\u00e5 kan du rycka tag i v\u00e5r motionstutorer som kan hj\u00e4lpa dig hitta \/ komma ig\u00e5ng&#8230;<\/p>\n<p>Om du skulle vara intresserad av att bli en motionstutor &#8211; ta kontakt med <a href=\"mailto:aausports@abo.fi\">aausports@abo.fi\u00a0<\/a><\/p>\n<p>&nbsp;<\/p>\n<p><strong>Sini Eriksson<\/strong><\/p>\n<div>Hej! &#x1f49c; Jag heter Sini Eriksson och \u00e4r motionstutor vid \u00c5AU Sports. Jag studerar h\u00e4lsovetenskaper vid \u00c5A och har idrotts- och utvecklingspsykologi som bi\u00e4mne. P\u00e5 fritiden gillar jag allt fr\u00e5n gym och l\u00e5nga promenader till \u00e4ventyr som snowboard, fallsk\u00e4rmshoppning och dykning.<\/div>\n<div><\/div>\n<div>Som motionstutor vill jag inspirera alla att hitta sin tr\u00e4ningsform. Kom g\u00e4rna och prata med mig eller skicka ett meddelande p\u00e5 Instagram:\u00a0<b>@sinielena<\/b>\u00a0eller\u00a0<b>@aboakademiuniversitysports<\/b>!<\/div>\n<p>&nbsp;<\/p>\n<p><img loading=\"lazy\" decoding=\"async\" class=\"alignnone size-medium wp-image-1386\" src=\"http:\/\/blogs2.abo.fi\/aausportsvasa\/wp-content\/uploads\/sites\/103\/2025\/09\/DSC00338-300x200.jpg\" alt=\"\" width=\"300\" height=\"200\" srcset=\"https:\/\/blogs2.abo.fi\/aausportsvasa\/wp-content\/uploads\/sites\/103\/2025\/09\/DSC00338-300x200.jpg 300w, https:\/\/blogs2.abo.fi\/aausportsvasa\/wp-content\/uploads\/sites\/103\/2025\/09\/DSC00338-1024x683.jpg 1024w, https:\/\/blogs2.abo.fi\/aausportsvasa\/wp-content\/uploads\/sites\/103\/2025\/09\/DSC00338-768x512.jpg 768w, https:\/\/blogs2.abo.fi\/aausportsvasa\/wp-content\/uploads\/sites\/103\/2025\/09\/DSC00338-1536x1024.jpg 1536w, https:\/\/blogs2.abo.fi\/aausportsvasa\/wp-content\/uploads\/sites\/103\/2025\/09\/DSC00338.jpg 2048w\" sizes=\"auto, (max-width: 300px) 100vw, 300px\" \/><\/p>\n<p>&nbsp;<\/p>\n","protected":false},"excerpt":{"rendered":"<p>Ifall du k\u00e4nner att du g\u00e4rna skulle komma med i \u00c5AU Sports men k\u00e4nner dig os\u00e4ker p\u00e5 var de olika platserna finns eller om du inte har n\u00e5gon du k\u00e4nner som vill h\u00e4nga med p\u00e5 just den aktiviteten du skulle vilja prova p\u00e5 &#8211; d\u00e5 kan du rycka tag i v\u00e5r motionstutorer som kan hj\u00e4lpa &hellip; <\/p>\n<p class=\"link-more\"><a href=\"https:\/\/blogs2.abo.fi\/aausportsvasa\/motionstutor\/\" class=\"more-link\">Forts\u00e4tt l\u00e4sa<span class=\"screen-reader-text\"> \u201dMotionstutor\u201d<\/span><\/a><\/p>\n","protected":false},"author":423,"featured_media":0,"parent":0,"menu_order":0,"comment_status":"closed","ping_status":"closed","template":"","meta":{"footnotes":""},"class_list":["post-217","page","type-page","status-publish","hentry"],"_links":{"self":[{"href":"https:\/\/blogs2.abo.fi\/aausportsvasa\/wp-json\/wp\/v2\/pages\/217","targetHints":{"allow":["GET"]}}],"collection":[{"href":"https:\/\/blogs2.abo.fi\/aausportsvasa\/wp-json\/wp\/v2\/pages"}],"about":[{"href":"https:\/\/blogs2.abo.fi\/aausportsvasa\/wp-json\/wp\/v2\/types\/page"}],"author":[{"embeddable":true,"href":"https:\/\/blogs2.abo.fi\/aausportsvasa\/wp-json\/wp\/v2\/users\/423"}],"replies":[{"embeddable":true,"href":"https:\/\/blogs2.abo.fi\/aausportsvasa\/wp-json\/wp\/v2\/comments?post=217"}],"version-history":[{"count":21,"href":"https:\/\/blogs2.abo.fi\/aausportsvasa\/wp-json\/wp\/v2\/pages\/217\/revisions"}],"predecessor-version":[{"id":1387,"href":"https:\/\/blogs2.abo.fi\/aausportsvasa\/wp-json\/wp\/v2\/pages\/217\/revisions\/1387"}],"wp:attachment":[{"href":"https:\/\/blogs2.abo.fi\/aausportsvasa\/wp-json\/wp\/v2\/media?parent=217"}],"curies":[{"name":"wp","href":"https:\/\/api.w.org\/{rel}","templated":true}]}}