{"id":148,"date":"2019-09-02T17:14:31","date_gmt":"2019-09-02T15:14:31","guid":{"rendered":"http:\/\/blogs2.abo.fi\/aausportsvasa\/?page_id=148"},"modified":"2025-09-12T10:18:04","modified_gmt":"2025-09-12T08:18:04","slug":"vara-ledare","status":"publish","type":"page","link":"https:\/\/blogs2.abo.fi\/aausportsvasa\/vara-ledare\/","title":{"rendered":"V\u00e5ra ledare"},"content":{"rendered":"<h2><strong>H\u00e4r nedan kan du bekanta dig med de ledare som under l\u00e4s\u00e5ret 2025-2026 finns inom \u00c5AU Sports. Har du fr\u00e5gor hittar du ledarnas kontakt-uppgifter i \u00c5AU Sports schema.<\/strong><\/h2>\n<p>&nbsp;<\/p>\n<p>&nbsp;<\/p>\n<h2><strong>Futsal\u00a0<\/strong><\/h2>\n<p>Malik Fajic (+358403271760)<\/p>\n<p><a href=\"http:\/\/blogs2.abo.fi\/aausportsvasa\/wp-content\/uploads\/sites\/103\/2021\/09\/Malik.jpg\"><img loading=\"lazy\" decoding=\"async\" class=\"alignnone wp-image-634\" src=\"http:\/\/blogs2.abo.fi\/aausportsvasa\/wp-content\/uploads\/sites\/103\/2021\/09\/Malik.jpg\" alt=\"\" width=\"237\" height=\"316\" srcset=\"https:\/\/blogs2.abo.fi\/aausportsvasa\/wp-content\/uploads\/sites\/103\/2021\/09\/Malik.jpg 443w, https:\/\/blogs2.abo.fi\/aausportsvasa\/wp-content\/uploads\/sites\/103\/2021\/09\/Malik-225x300.jpg 225w\" sizes=\"auto, (max-width: 237px) 100vw, 237px\" \/><\/a><\/p>\n<p>Jag heter Malik. Jag kommer att dra futsal 3ggr\u00a0 i veckan f\u00f6r er alla som \u00e4r intresserade att komma med och r\u00f6ra p\u00e5 er lite! Vi har j\u00e4ttekul och musik \u00e4r ett M\u00c5STE p\u00e5 mina pass! Hoppas vi ses p\u00e5 planen!<\/p>\n<h2><strong>Rugby<\/strong><\/h2>\n<p>Riccardo Notarangelo (+358504495054)<\/p>\n<h2><strong>Volleyboll p\u00e5 torsdagar<\/strong><\/h2>\n<p>Hansen Tawiah +358465868444<\/p>\n<p><img loading=\"lazy\" decoding=\"async\" class=\"alignnone wp-image-1285\" src=\"http:\/\/blogs2.abo.fi\/aausportsvasa\/wp-content\/uploads\/sites\/103\/2025\/01\/Hansen-169x300.jpg\" alt=\"\" width=\"214\" height=\"380\" \/><\/p>\n<p>Hej d\u00e4r! Jag heter Hansen Tawiah och \u00e4r masterstudent vid \u00c5bo Akademi och studerar Teaching and Learning. Sport har alltid varit en stor del av mitt liv, och jag brinner f\u00f6r att h\u00e5lla mig aktiv och f\u00e5 tr\u00e4ffa andra genom idrotten. Jag tycker om att spela en m\u00e4ngd olika sporter, inklusive futsal, simning, volleyboll, innebandy, fotboll, hockey och tennis; you name it, jag har nog provat det mesta!<br \/>\nSom ledare vill jag skapa en sp\u00e4nnande och inkluderande atmosf\u00e4r d\u00e4r alla kan ha kul och njuta av spelet, oavsett niv\u00e5. Jag kan inte v\u00e4nta med att tr\u00e4ffa dig p\u00e5 planen och dela energin och sp\u00e4nningen fr\u00e5n idrotten tillsammans.<br \/>\nL\u00e5t oss leka, skratta och skapa fantastiska minnen!<\/p>\n<div><\/div>\n<h2><strong>Karate nyb\u00f6rjare &amp;<\/strong><strong>\u00a0forts\u00e4ttning<\/strong><\/h2>\n<p>Jens Knip, 5. dan (+358505915260)<\/p>\n<p><a href=\"http:\/\/blogs2.abo.fi\/aausportsvasa\/wp-content\/uploads\/sites\/103\/2019\/09\/Jens.jpg\"><img loading=\"lazy\" decoding=\"async\" class=\"alignnone wp-image-186\" src=\"http:\/\/blogs2.abo.fi\/aausportsvasa\/wp-content\/uploads\/sites\/103\/2019\/09\/Jens.jpg\" alt=\"\" width=\"424\" height=\"423\" srcset=\"https:\/\/blogs2.abo.fi\/aausportsvasa\/wp-content\/uploads\/sites\/103\/2019\/09\/Jens.jpg 627w, https:\/\/blogs2.abo.fi\/aausportsvasa\/wp-content\/uploads\/sites\/103\/2019\/09\/Jens-150x150.jpg 150w, https:\/\/blogs2.abo.fi\/aausportsvasa\/wp-content\/uploads\/sites\/103\/2019\/09\/Jens-300x300.jpg 300w, https:\/\/blogs2.abo.fi\/aausportsvasa\/wp-content\/uploads\/sites\/103\/2019\/09\/Jens-100x100.jpg 100w\" sizes=\"auto, (max-width: 424px) 100vw, 424px\" \/><\/a><\/p>\n<p>Jag har tr\u00e4nat karate sedan 1987 och har \u00e4ven tr\u00e4nat Kyusho jutsu flera \u00e5r under min karri\u00e4r. Jag \u00e5ker regelbundet utomlands f\u00f6r att delta i internationella l\u00e4ger och utveckla min kunskap. Jag brukar \u00e4ven \u00e5rligen, som inbjuden g\u00e4st, h\u00e5lla l\u00e4ger f\u00f6r en samarbets-organisation i Finland. Jag \u00e4r registrerad instrukt\u00f6r i World Combat Association. Har huvudansvaret f\u00f6r f\u00f6reningens tr\u00e4ning,\u00a0 inneh\u00e5ll o utveckling.<\/p>\n<p>Har stor kunskap om praktiskt sj\u00e4lvf\u00f6rsvar och hotfulla situationer efter att ha jobbat 15 \u00e5r inom s\u00e4kerhetsbranschen.\u00a0 H\u00e5ller \u00e4ven tillsammans med Linda regelbundet sj\u00e4lvf\u00f6rsvarskurser f\u00f6r olika grupper. De som best\u00e4llt kurser \u00e4r tex socialarbetare, sjukv\u00e5rdsstuderande och tjejgrupper. \u00c4ven olika medborgarinstitut \u00e4r en trogen samarbetspartner.<\/p>\n<p>&nbsp;<\/p>\n<h2><strong>Handledning i mindre grupp p\u00e5 gymmet,\u00a0 \u00a0<\/strong><strong>R\u00f6relsepaus, och <\/strong><strong>Personaljumppa\u00a0<\/strong><\/h2>\n<p>Anki Stenkull-Aura +358503677914<\/p>\n<p><img loading=\"lazy\" decoding=\"async\" class=\"alignnone size-medium wp-image-1235\" src=\"http:\/\/blogs2.abo.fi\/aausportsvasa\/wp-content\/uploads\/sites\/103\/2024\/08\/Jag-pa-vandring-300x292.jpg\" alt=\"\" width=\"300\" height=\"292\" srcset=\"https:\/\/blogs2.abo.fi\/aausportsvasa\/wp-content\/uploads\/sites\/103\/2024\/08\/Jag-pa-vandring-300x292.jpg 300w, https:\/\/blogs2.abo.fi\/aausportsvasa\/wp-content\/uploads\/sites\/103\/2024\/08\/Jag-pa-vandring.jpg 501w\" sizes=\"auto, (max-width: 300px) 100vw, 300px\" \/><\/p>\n<p>Mitt namn \u00e4r Anki Stenkull-Aura. F\u00f6rutom mitt administrativa jobb som ansvarig f\u00f6r \u00c5AU Sports verksamheten vid \u00c5A s\u00e5 \u00e4r jag ocks\u00e5 b\u00e5de Idrottsl\u00e4rare och Personlig tr\u00e4nare. Jag brinner f\u00f6r \u00e4mnen som h\u00e4lsa och v\u00e4lm\u00e5ende.<\/p>\n<p>&nbsp;<\/p>\n<p>&nbsp;<\/p>\n<p>&nbsp;<\/p>\n<p>&nbsp;<\/p>\n","protected":false},"excerpt":{"rendered":"<p>H\u00e4r nedan kan du bekanta dig med de ledare som under l\u00e4s\u00e5ret 2025-2026 finns inom \u00c5AU Sports. Har du fr\u00e5gor hittar du ledarnas kontakt-uppgifter i \u00c5AU Sports schema. &nbsp; &nbsp; Futsal\u00a0 Malik Fajic (+358403271760) Jag heter Malik. Jag kommer att dra futsal 3ggr\u00a0 i veckan f\u00f6r er alla som \u00e4r intresserade att komma med och &hellip; <\/p>\n<p class=\"link-more\"><a href=\"https:\/\/blogs2.abo.fi\/aausportsvasa\/vara-ledare\/\" class=\"more-link\">Forts\u00e4tt l\u00e4sa<span class=\"screen-reader-text\"> \u201dV\u00e5ra ledare\u201d<\/span><\/a><\/p>\n","protected":false},"author":423,"featured_media":0,"parent":0,"menu_order":0,"comment_status":"closed","ping_status":"closed","template":"","meta":{"footnotes":""},"class_list":["post-148","page","type-page","status-publish","hentry"],"_links":{"self":[{"href":"https:\/\/blogs2.abo.fi\/aausportsvasa\/wp-json\/wp\/v2\/pages\/148","targetHints":{"allow":["GET"]}}],"collection":[{"href":"https:\/\/blogs2.abo.fi\/aausportsvasa\/wp-json\/wp\/v2\/pages"}],"about":[{"href":"https:\/\/blogs2.abo.fi\/aausportsvasa\/wp-json\/wp\/v2\/types\/page"}],"author":[{"embeddable":true,"href":"https:\/\/blogs2.abo.fi\/aausportsvasa\/wp-json\/wp\/v2\/users\/423"}],"replies":[{"embeddable":true,"href":"https:\/\/blogs2.abo.fi\/aausportsvasa\/wp-json\/wp\/v2\/comments?post=148"}],"version-history":[{"count":86,"href":"https:\/\/blogs2.abo.fi\/aausportsvasa\/wp-json\/wp\/v2\/pages\/148\/revisions"}],"predecessor-version":[{"id":1377,"href":"https:\/\/blogs2.abo.fi\/aausportsvasa\/wp-json\/wp\/v2\/pages\/148\/revisions\/1377"}],"wp:attachment":[{"href":"https:\/\/blogs2.abo.fi\/aausportsvasa\/wp-json\/wp\/v2\/media?parent=148"}],"curies":[{"name":"wp","href":"https:\/\/api.w.org\/{rel}","templated":true}]}}