{"id":39,"date":"2019-12-12T15:41:08","date_gmt":"2019-12-12T13:41:08","guid":{"rendered":"http:\/\/blogs2.abo.fi\/a1finska\/?page_id=39"},"modified":"2020-10-19T13:05:04","modified_gmt":"2020-10-19T10:05:04","slug":"hem","status":"publish","type":"page","link":"https:\/\/blogs2.abo.fi\/a1finska\/","title":{"rendered":"Om projektet"},"content":{"rendered":"<p><strong>Unders\u00f6kning om tidigarelagt A1-spr\u00e5k (finska) \u00a0<\/strong><\/p>\n<p>I detta projekt ligger fokus p\u00e5 undervisningen av finska som A1-spr\u00e5k i den grundl\u00e4ggande utbildningens f\u00f6rsta \u00e5rskurser i svenskspr\u00e5kiga skolor i Finland. Unders\u00f6kningen har att g\u00f6ra med f\u00f6r\u00e4ndringen i\u00a0 timf\u00f6rdelningsf\u00f6rordningen som gjordes 2018, enligt vilken undervisningen i A1-spr\u00e5ket inleds tidigarelagt redan i \u00e5rskurs 1. Syftet \u00e4r att kartl\u00e4gga spr\u00e5kkunskaperna i finska samt uppfattningar om finska spr\u00e5ket och inl\u00e4rningen av finska hos s\u00e5dana elever som har inlett sina spr\u00e5kstudier i finska i \u00e5rskurs 1 under l\u00e4s\u00e5ret 2019\u20132020. Dessutom samlas material ocks\u00e5 av l\u00e4rare och av elevernas v\u00e5rdnadshavare.<\/p>\n<p>M\u00e5let \u00e4r att unders\u00f6kningen ska \u00f6ka f\u00f6rst\u00e5elsen f\u00f6r finskundervisningens utg\u00e5ngsl\u00e4ge samt f\u00f6r hur starttidpunkten f\u00f6r spr\u00e5kundervisningen inverkar p\u00e5 utvecklingen av spr\u00e5kkunskaperna och motivationen f\u00f6r spr\u00e5kinl\u00e4rning. F\u00f6r att uppn\u00e5 detta m\u00e5l skulle det vara viktigt att s\u00e5 m\u00e5nga elever, v\u00e5rdnadshavare och l\u00e4rare som m\u00f6jligt deltar i unders\u00f6kningen. Materialinsamlingen sker under \u00e5r 2020 p\u00e5 ett antal utvalda orter i Svenskfinland. Material samlas in av elever vid skolorna under ledning av forskare under elevernas skoldag. V\u00e5rdnadshavarna f\u00e5r svara p\u00e5 en elektronisk enk\u00e4t om deras uppfattningar om och erfarenheter av finskundervisningen. D\u00e4rtill har en elektronisk enk\u00e4t s\u00e4nts till alla l\u00e4rare i Svenskfinland som l\u00e4s\u00e5ren 2019\u20132020 och 2020\u20132021 har undervisat\/undervisar finska som A1-spr\u00e5k i \u00e5rskurs 1.<\/p>\n<p>Unders\u00f6kningen genomf\u00f6rs vid fakulteten f\u00f6r pedagogik och v\u00e4lf\u00e4rdsstudier vid \u00c5bo Akademi i Vasa och finansieras av Utbildningsstyrelsen. Projektledare vid \u00c5bo Akademi \u00e4r projektforskare, FD<strong> Katri Hansell<\/strong>.<\/p>\n<p>Inom projektet samarbetar forskarna vid \u00c5bo Akademi med forskare vid Jyv\u00e4skyl\u00e4 universitet, som g\u00f6r en liknande unders\u00f6kning om tidigarelagd engelskundervisning i finskspr\u00e5kiga skolor. Projektledare vid Jyv\u00e4skyl\u00e4 universitet \u00e4r professorerna <strong>Ari Huhta<\/strong> och <strong>Karita M\u00e5rd-Miettinen<\/strong>.<\/p>\n<p>&nbsp;<\/p>\n<p><strong>L\u00e4nkar<\/strong><\/p>\n<ul>\n<li><a href=\"https:\/\/www.jyu.fi\/hytk\/fi\/laitokset\/solki\/tutkimus\/hankkeet\/varhennetun-kielenopetuksen-seurantatutkimus\">Jyv\u00e4skyl\u00e4 universitets projektsidor<\/a>.<\/li>\n<li><a href=\"https:\/\/www.oph.fi\/sv\/utbildning-och-examina\/undervisningen-i-a1-spraket-i-arskurserna-1-2\">Information om undervisningen i A1-spr\u00e5ket i \u00e5rskurs 1-2 p\u00e5 Utbildningsstyrelsens webbplats<\/a>.<\/li>\n<\/ul>\n<p><img loading=\"lazy\" decoding=\"async\" class=\"aligncenter size-large wp-image-54\" src=\"http:\/\/blogs2.abo.fi\/a1finska\/wp-content\/uploads\/sites\/143\/2019\/12\/\u00e5aubs-1024x292.png\" alt=\"\" width=\"584\" height=\"167\" srcset=\"https:\/\/blogs2.abo.fi\/a1finska\/wp-content\/uploads\/sites\/143\/2019\/12\/\u00e5aubs-1024x292.png 1024w, https:\/\/blogs2.abo.fi\/a1finska\/wp-content\/uploads\/sites\/143\/2019\/12\/\u00e5aubs-300x85.png 300w, https:\/\/blogs2.abo.fi\/a1finska\/wp-content\/uploads\/sites\/143\/2019\/12\/\u00e5aubs-768x219.png 768w, https:\/\/blogs2.abo.fi\/a1finska\/wp-content\/uploads\/sites\/143\/2019\/12\/\u00e5aubs-1000x288.png 1000w, https:\/\/blogs2.abo.fi\/a1finska\/wp-content\/uploads\/sites\/143\/2019\/12\/\u00e5aubs-500x142.png 500w, https:\/\/blogs2.abo.fi\/a1finska\/wp-content\/uploads\/sites\/143\/2019\/12\/\u00e5aubs.png 1179w\" sizes=\"auto, (max-width: 584px) 100vw, 584px\" \/><\/p>\n<p><em>Sidan uppdaterad 19.10.2020<\/em><\/p>\n","protected":false},"excerpt":{"rendered":"<p>Unders\u00f6kning om tidigarelagt A1-spr\u00e5k (finska) \u00a0 I detta projekt ligger fokus p\u00e5 undervisningen av finska som A1-spr\u00e5k i den grundl\u00e4ggande utbildningens f\u00f6rsta \u00e5rskurser i svenskspr\u00e5kiga skolor i Finland. Unders\u00f6kningen har att g\u00f6ra med f\u00f6r\u00e4ndringen i\u00a0 timf\u00f6rdelningsf\u00f6rordningen som gjordes 2018, enligt &hellip; <a href=\"https:\/\/blogs2.abo.fi\/a1finska\/\">Forts\u00e4tt l\u00e4sa <span class=\"meta-nav\">&rarr;<\/span><\/a><\/p>\n","protected":false},"author":444,"featured_media":0,"parent":0,"menu_order":0,"comment_status":"closed","ping_status":"closed","template":"","meta":{"footnotes":""},"class_list":["post-39","page","type-page","status-publish","hentry"],"_links":{"self":[{"href":"https:\/\/blogs2.abo.fi\/a1finska\/wp-json\/wp\/v2\/pages\/39","targetHints":{"allow":["GET"]}}],"collection":[{"href":"https:\/\/blogs2.abo.fi\/a1finska\/wp-json\/wp\/v2\/pages"}],"about":[{"href":"https:\/\/blogs2.abo.fi\/a1finska\/wp-json\/wp\/v2\/types\/page"}],"author":[{"embeddable":true,"href":"https:\/\/blogs2.abo.fi\/a1finska\/wp-json\/wp\/v2\/users\/444"}],"replies":[{"embeddable":true,"href":"https:\/\/blogs2.abo.fi\/a1finska\/wp-json\/wp\/v2\/comments?post=39"}],"version-history":[{"count":24,"href":"https:\/\/blogs2.abo.fi\/a1finska\/wp-json\/wp\/v2\/pages\/39\/revisions"}],"predecessor-version":[{"id":97,"href":"https:\/\/blogs2.abo.fi\/a1finska\/wp-json\/wp\/v2\/pages\/39\/revisions\/97"}],"wp:attachment":[{"href":"https:\/\/blogs2.abo.fi\/a1finska\/wp-json\/wp\/v2\/media?parent=39"}],"curies":[{"name":"wp","href":"https:\/\/api.w.org\/{rel}","templated":true}]}}