{"id":19,"date":"2019-12-12T13:22:29","date_gmt":"2019-12-12T11:22:29","guid":{"rendered":"http:\/\/blogs2.abo.fi\/a1finska\/?page_id=19"},"modified":"2020-11-05T15:24:18","modified_gmt":"2020-11-05T13:24:18","slug":"aktuellt","status":"publish","type":"page","link":"https:\/\/blogs2.abo.fi\/a1finska\/aktuellt\/","title":{"rendered":"Information till deltagare"},"content":{"rendered":"<p><strong><a href=\"http:\/\/blogs2.abo.fi\/a1finska\/wp-content\/uploads\/sites\/143\/2020\/02\/Information-till-den-som-deltar-i-unders\u00f6kningen-1.pdf\">Information till den som deltar i unders\u00f6kningen.<\/a><\/strong><\/p>\n<p><strong><a href=\"http:\/\/blogs2.abo.fi\/a1finska\/wp-content\/uploads\/sites\/143\/2020\/02\/Tietoa-tutkimukseen-osallistuville.pdf\">Tietoa tutkimukseen osallistuville<\/a>.<\/strong><\/p>\n<p><strong><a href=\"http:\/\/blogs2.abo.fi\/a1finska\/wp-content\/uploads\/sites\/143\/2020\/02\/Information-for-the-participants-in-the-study.pdf\">Information for the participants in the study<\/a>.<\/strong><\/p>\n<p>Materialinsamlingen med eleverna var planerad att genomf\u00f6ras v\u00e5ren 2020. P\u00e5 grund av coronaviruspandemin sk\u00f6ts insamlingen upp till h\u00f6sten 2020.<\/p>\n<p>Materialinsamlingen med eleverna genomf\u00f6rs h\u00f6sten 2020 antingen p\u00e5 distans via Zoom\/Teams, eller p\u00e5 plats i skolan med f\u00f6ljande s\u00e4kerhets\u00e5tg\u00e4rder:<\/p>\n<ul>\n<li>Ett plexiglas placeras mellan eleven och forskaren under intervjutillf\u00e4llet.<\/li>\n<li>Sittplatsen reng\u00f6rs efter varje elev.<\/li>\n<li>Tillg\u00e5ng till handdesinficeringsmedel, som eleven anv\u00e4nder f\u00f6re och efter intervjutillf\u00e4llet.<\/li>\n<li>Inget material delas ut vid intervjutillf\u00e4llet, utan alla uppgifter sker muntligt.<\/li>\n<li>I en uppgift anv\u00e4nds en laminerad bild, som eleven kan peka p\u00e5 med en sticka. Bilden reng\u00f6rs och stickan byts ut mellan varje elev.<\/li>\n<li>Forskaren r\u00f6r sig inte i andra av skolans utrymmen \u00e4n det rum d\u00e4r intervjuerna genomf\u00f6rs, och eleverna kommer till detta rum i tur och ordning.<\/li>\n<li>Forskaren anv\u00e4nder ansiktsmask vid ankomst till och avf\u00e4rd fr\u00e5n skolan, och desinficerar h\u00e4nderna.<\/li>\n<li>Forskaren anv\u00e4nder visir vid intervjutillf\u00e4llet.<\/li>\n<li>Forskaren kommer inte till skolan om hen har f\u00f6rkylningssymptom.<\/li>\n<\/ul>\n<p>De deltagande elevernas v\u00e5rdnadshavare har informerats om p\u00e5 vilket s\u00e4tt unders\u00f6kningen genomf\u00f6rs med deras barn.<\/p>\n<p><em>Sidan uppdaterad 5.11.2020<\/em><\/p>\n","protected":false},"excerpt":{"rendered":"<p>Information till den som deltar i unders\u00f6kningen. Tietoa tutkimukseen osallistuville. Information for the participants in the study. Materialinsamlingen med eleverna var planerad att genomf\u00f6ras v\u00e5ren 2020. P\u00e5 grund av coronaviruspandemin sk\u00f6ts insamlingen upp till h\u00f6sten 2020. Materialinsamlingen med eleverna genomf\u00f6rs &hellip; <a href=\"https:\/\/blogs2.abo.fi\/a1finska\/aktuellt\/\">Forts\u00e4tt l\u00e4sa <span class=\"meta-nav\">&rarr;<\/span><\/a><\/p>\n","protected":false},"author":444,"featured_media":0,"parent":0,"menu_order":0,"comment_status":"closed","ping_status":"closed","template":"","meta":{"footnotes":""},"class_list":["post-19","page","type-page","status-publish","hentry"],"_links":{"self":[{"href":"https:\/\/blogs2.abo.fi\/a1finska\/wp-json\/wp\/v2\/pages\/19","targetHints":{"allow":["GET"]}}],"collection":[{"href":"https:\/\/blogs2.abo.fi\/a1finska\/wp-json\/wp\/v2\/pages"}],"about":[{"href":"https:\/\/blogs2.abo.fi\/a1finska\/wp-json\/wp\/v2\/types\/page"}],"author":[{"embeddable":true,"href":"https:\/\/blogs2.abo.fi\/a1finska\/wp-json\/wp\/v2\/users\/444"}],"replies":[{"embeddable":true,"href":"https:\/\/blogs2.abo.fi\/a1finska\/wp-json\/wp\/v2\/comments?post=19"}],"version-history":[{"count":13,"href":"https:\/\/blogs2.abo.fi\/a1finska\/wp-json\/wp\/v2\/pages\/19\/revisions"}],"predecessor-version":[{"id":100,"href":"https:\/\/blogs2.abo.fi\/a1finska\/wp-json\/wp\/v2\/pages\/19\/revisions\/100"}],"wp:attachment":[{"href":"https:\/\/blogs2.abo.fi\/a1finska\/wp-json\/wp\/v2\/media?parent=19"}],"curies":[{"name":"wp","href":"https:\/\/api.w.org\/{rel}","templated":true}]}}